{"id":8,"date":"2014-10-18T21:11:23","date_gmt":"2014-10-18T20:11:23","guid":{"rendered":"https:\/\/projeteof.org\/?page_id=8"},"modified":"2019-11-03T19:41:07","modified_gmt":"2019-11-03T18:41:07","slug":"projet-eof","status":"publish","type":"page","link":"https:\/\/projeteof.org\/blog\/projet-eof\/","title":{"rendered":"Le Projet EOF"},"content":{"rendered":"<h3><b>D\u2019un constat &#8230;<\/b><\/h3>\n<p>La dimension communautaire, tant au niveau local qu\u2019international, constitue l\u2019une des forces du projet <a href=\"http:\/\/openstreetmap.org\/\">OpenStreetMap (OSM)<\/a>. Elle est bas\u00e9e sur une dynamique de volontariat et d\u2019ouverture \u00e0 l\u2019ensemble des acteurs (gouvernementaux, universitaires, soci\u00e9t\u00e9 civile, secteur priv\u00e9, communaut\u00e9s d\u2019int\u00e9r\u00eats, individus) souhaitant disposer et cr\u00e9er des contenus et services reposant sur des donn\u00e9es g\u00e9ographiques, quel que soit le secteur d\u2019activit\u00e9 concern\u00e9.<\/p>\n<p>Seule une petite minorit\u00e9 de la communaut\u00e9 OSM mondiale est originaire des pays du Sud. En effet le mod\u00e8le de contribution volontaire du projet OSM efficace au \u00ab Nord \u00bb n\u2019est pas aussi directement op\u00e9rant dans les contextes de pauvret\u00e9 des pays du \u00ab Sud \u00bb ou dans la sp\u00e9cificit\u00e9 de contextes op\u00e9rationnels des situations de crise ou de reconstruction. Ainsi il n\u2019y a pas d\u2019\u00e9mergence rapide et significative de communaut\u00e9s locales de cartographes OSM au \u00ab Sud \u00bb pourtant n\u00e9cessaires et fondamentales au projet OSM.<\/p>\n<p>N\u00e9cessaires pour :<\/p>\n<ul>\n<li>ajouter l\u2019indispensable donn\u00e9e terrain \u00e0 la base de donn\u00e9es OSM<\/li>\n<li>assurer la mise \u00e0 jour r\u00e9guli\u00e8re de la carte.<\/li>\n<li>que les citoyens du \u00ab sud \u00bb soient pleinement acteurs des dynamiques du projet OSM \u00e0 l\u2019\u0153uvre dans leurs pays<\/li>\n<\/ul>\n<p>Il y a l\u00e0 pour le projet OSM un enjeu majeur pour qu\u2019il puisse incarner au Sud le pari r\u00e9ussi au Nord d\u2019un projet bas\u00e9 sur l\u2019intelligence collective et par l\u00e0 r\u00e9aliser son fantastique potentiel de cr\u00e9ation de bien commun essentiel \u00e0 ces territoires.<\/p>\n<h3><b>\u2026 est n\u00e9 le Projet Espace OpenStreetMap Francophone<\/b><\/h3>\n<p>Il s&rsquo;agit d&rsquo;un Collectif con\u00e7u pour fonctionner comme un dispositif de soutien au d\u00e9veloppement communautaire local et autonome du projet OpenStreetMap dans les pays francophones du Sud adapt\u00e9 au contexte de pauvret\u00e9 et aux formes d\u2019engagements sociales, solidaires et volontaires de ces pays. Il est d\u00e9clar\u00e9 sous forme d&rsquo;association loi 1901 dont les statuts sont consultables <a href=\"https:\/\/projeteof.org\/owncloud\/index.php\/s\/p9mKtqkpd62fDNP\" target=\"_blank\" rel=\"noopener noreferrer\">ici<\/a>.<\/p>\n<p>Le collectif ProjetEOF est jusqu\u2019\u00e0 pr\u00e9sent soutenu par la Direction de la Francophonie Economique et Num\u00e9rique (DFEN) de l\u2019Organisation Internationale de la Francophonie (OIF).<\/p>\n<p>Les activit\u00e9s du collectif ProjetEOF comportent :<\/p>\n<ul>\n<li>des formations techniques et organisationnelles,<\/li>\n<li>de la documentation,<\/li>\n<li>de l\u2019ing\u00e9nierie logicielle,<\/li>\n<li>des actions concr\u00e8tes de cartographie.<\/li>\n<\/ul>\n<p>Le collectif ProjetEOF op\u00e8re de fa\u00e7on agile, selon les pratiques et l\u2019esprit du libre, avec un souci d\u2019\u00e9conomie de moyens op\u00e9rationnels et de mobilisation de ressources locales et d\u2019engagements volontaires des pays du Sud.<\/p>\n<p>Ce style op\u00e9rationnel a prouv\u00e9 son efficacit\u00e9 \u00e0 susciter motivation, engagement, adh\u00e9sion et fid\u00e9lit\u00e9 et se traduit par un volet d\u2019activit\u00e9 OSM volontaire dans les pays du Sud francophones pour constituer un mod\u00e8le r\u00e9plicable d\u2019appui ou de cr\u00e9ation de communaut\u00e9s OSM locales et autonomes dans les pays francophones du Sud.<\/p>\n<h3><b>Objectifs<\/b><\/h3>\n<ul>\n<li>Faire la promotion d\u2019OSM aupr\u00e8s d\u2019un large \u00e9cosyst\u00e8me des acteurs-cl\u00e9s dans la cr\u00e9ation et l\u2019utilisation de donn\u00e9es g\u00e9ographiques : organismes gouvernementaux, universitaires, ONG internationales, soci\u00e9t\u00e9 civile, secteur priv\u00e9, communaut\u00e9s d\u2019int\u00e9r\u00eats, individus. Puis les former aux outils du projet. Pour qu\u2019ils mesurent l\u2019impact de cette approche, contribuent et r\u00e9utilisent de plus en plus.<\/li>\n<li>Faire \u00e9merger un collectif de formateurs de formateurs qui vont porter le dynamisme et l\u2019expansion d\u2019OSM dans leur pays et participer aux activit\u00e9s transnationales du projet EOF.<\/li>\n<li>Permettre la rencontre, l\u2019\u00e9change et les projets entre ces animateurs des diff\u00e9rents pays du projet EOF.<\/li>\n<li>Aider \u00e0 la mise en place ou au renforcement de communaut\u00e9s OSM volontaires et autonome dans chaque pays du projet, \u00e0 travers des conseils de gouvernance et une documentation adapt\u00e9e couvrant les diff\u00e9rents aspects de l\u2019activit\u00e9 d\u2019un chapitre OSM local<\/li>\n<li>Supporter ces associations dans l\u2019acquisition d\u2019\u00e9quipements et de lieux de travail connect\u00e9s pour mener \u00e0 bien leurs activit\u00e9s.<\/li>\n<li>Favoriser l\u2019\u00e9mergence de structures ancr\u00e9es dans l\u2019\u00e9conomie sociale et solidaire (EES) bas\u00e9 sur OSM pour les individus et groupes de la communaut\u00e9 OSM d\u00e9sireux de s\u2019investir dans ce mode de cr\u00e9ation de valeurs et de g\u00e9n\u00e9ration de revenus b\u00e9n\u00e9ficiant \u00e0 la communaut\u00e9 et au pays.<\/li>\n<li>Supporter ces structures au m\u00eame titre que les autres acteurs de l\u2019\u00e9cosyst\u00e8me OSM et des sc\u00e8nes g\u00e9omatique et TIC des pays du projet dans leur utilisation d\u2019OSM.<\/li>\n<li>Construire de la documentation et des outils pour l\u2019utilisation et la r\u00e9utilisation d\u2019OSM dans la g\u00e9omatique libre.<\/li>\n<li>Bien \u00e9videmment, faire progresser la donn\u00e9e OSM de projets communautaires en combinant cartographie syst\u00e9matique des couches de r\u00e9f\u00e9rence et de projets entre acteurs de l\u2019\u00e9cosyst\u00e8me OSM.<\/li>\n<li>Continuer de construire l\u2019inscription de la r\u00e9alisation de ce programme dans le continuum\u00a0urgence \u2013 r\u00e9habilitation \u2013 d\u00e9veloppement<\/li>\n<li>Enfin, documenter et faire conna\u00eetre le projet EOF<\/li>\n<\/ul>\n","protected":false},"excerpt":{"rendered":"<p>D\u2019un constat &#8230; La dimension communautaire, tant au niveau local qu\u2019international, constitue l\u2019une des forces du projet OpenStreetMap (OSM). Elle est bas\u00e9e sur une dynamique de volontariat et d\u2019ouverture \u00e0 l\u2019ensemble des acteurs (gouvernementaux, universitaires, soci\u00e9t\u00e9 civile, secteur priv\u00e9, communaut\u00e9s d\u2019int\u00e9r\u00eats, individus) souhaitant disposer et cr\u00e9er des contenus et services [&hellip;]<\/p>\n","protected":false},"author":2,"featured_media":0,"parent":0,"menu_order":0,"comment_status":"open","ping_status":"closed","template":"","meta":{"footnotes":""},"class_list":["post-8","page","type-page","status-publish","hentry"],"_links":{"self":[{"href":"https:\/\/projeteof.org\/blog\/wp-json\/wp\/v2\/pages\/8","targetHints":{"allow":["GET"]}}],"collection":[{"href":"https:\/\/projeteof.org\/blog\/wp-json\/wp\/v2\/pages"}],"about":[{"href":"https:\/\/projeteof.org\/blog\/wp-json\/wp\/v2\/types\/page"}],"author":[{"embeddable":true,"href":"https:\/\/projeteof.org\/blog\/wp-json\/wp\/v2\/users\/2"}],"replies":[{"embeddable":true,"href":"https:\/\/projeteof.org\/blog\/wp-json\/wp\/v2\/comments?post=8"}],"version-history":[{"count":14,"href":"https:\/\/projeteof.org\/blog\/wp-json\/wp\/v2\/pages\/8\/revisions"}],"predecessor-version":[{"id":4125,"href":"https:\/\/projeteof.org\/blog\/wp-json\/wp\/v2\/pages\/8\/revisions\/4125"}],"wp:attachment":[{"href":"https:\/\/projeteof.org\/blog\/wp-json\/wp\/v2\/media?parent=8"}],"curies":[{"name":"wp","href":"https:\/\/api.w.org\/{rel}","templated":true}]}}